{"id":3448,"date":"2024-10-24T13:53:38","date_gmt":"2024-10-24T13:53:38","guid":{"rendered":"https:\/\/herforth.klqc.rocks\/la-boheme\/"},"modified":"2025-01-10T13:11:56","modified_gmt":"2025-01-10T13:11:56","slug":"la-boheme","status":"publish","type":"page","link":"https:\/\/herforth.info\/en\/la-boheme\/","title":{"rendered":"La Boh\u00e8me"},"content":{"rendered":"\t\t<div data-elementor-type=\"wp-page\" data-elementor-id=\"3448\" class=\"elementor elementor-3448 elementor-2169\" data-elementor-post-type=\"page\">\n\t\t\t\t\t\t<section class=\"elementor-section elementor-top-section elementor-element elementor-element-416abc0c elementor-section-height-min-height elementor-section-content-middle elementor-section-full_width elementor-section-height-default elementor-section-items-middle\" data-id=\"416abc0c\" data-element_type=\"section\" data-settings=\"{&quot;background_background&quot;:&quot;classic&quot;}\">\n\t\t\t\t\t\t<div class=\"elementor-container elementor-column-gap-default\">\n\t\t\t\t\t<div class=\"elementor-column elementor-col-100 elementor-top-column elementor-element elementor-element-34f283e7\" data-id=\"34f283e7\" data-element_type=\"column\">\n\t\t\t<div class=\"elementor-widget-wrap\">\n\t\t\t\t\t\t\t<\/div>\n\t\t<\/div>\n\t\t\t\t\t<\/div>\n\t\t<\/section>\n\t\t\t\t<section class=\"elementor-section elementor-top-section elementor-element elementor-element-637b08ee elementor-section-full_width elementor-section-height-min-height elementor-section-height-default elementor-section-items-middle\" data-id=\"637b08ee\" data-element_type=\"section\" data-settings=\"{&quot;background_background&quot;:&quot;classic&quot;}\">\n\t\t\t\t\t\t\t<div class=\"elementor-background-overlay\"><\/div>\n\t\t\t\t\t\t\t<div class=\"elementor-container elementor-column-gap-default\">\n\t\t\t\t\t<div class=\"elementor-column elementor-col-100 elementor-top-column elementor-element elementor-element-5b835159\" data-id=\"5b835159\" data-element_type=\"column\">\n\t\t\t<div class=\"elementor-widget-wrap elementor-element-populated\">\n\t\t\t\t\t\t<section class=\"elementor-section elementor-inner-section elementor-element elementor-element-27339d4a elementor-section-height-min-height elementor-section-content-middle elementor-section-boxed elementor-section-height-default\" data-id=\"27339d4a\" data-element_type=\"section\">\n\t\t\t\t\t\t<div class=\"elementor-container elementor-column-gap-default\">\n\t\t\t\t\t<div class=\"elementor-column elementor-col-33 elementor-inner-column elementor-element elementor-element-11db4480\" data-id=\"11db4480\" data-element_type=\"column\" data-settings=\"{&quot;background_background&quot;:&quot;classic&quot;}\">\n\t\t\t<div class=\"elementor-widget-wrap elementor-element-populated\">\n\t\t\t\t\t\t<div class=\"elementor-element elementor-element-3305926e elementor-widget elementor-widget-heading\" data-id=\"3305926e\" data-element_type=\"widget\" data-widget_type=\"heading.default\">\n\t\t\t\t<div class=\"elementor-widget-container\">\n\t\t\t\t\t<h1 class=\"elementor-heading-title elementor-size-default\">La Boh\u00e8me<\/h1>\t\t\t\t<\/div>\n\t\t\t\t<\/div>\n\t\t\t\t<div class=\"elementor-element elementor-element-265e4ffd elementor-widget elementor-widget-text-editor\" data-id=\"265e4ffd\" data-element_type=\"widget\" data-widget_type=\"text-editor.default\">\n\t\t\t\t<div class=\"elementor-widget-container\">\n\t\t\t\t\t\t\t\t\t<p style=\"text-align: center;\">Giacomo Puccini<br \/>Director: Hellmuth Matiasek<br \/>Munich State Theater at G\u00e4rtnerplatz, 2000<\/p>\n\t\t\t\t\t\t\t\t<\/div>\n\t\t\t\t<\/div>\n\t\t\t\t\t<\/div>\n\t\t<\/div>\n\t\t\t\t<div class=\"elementor-column elementor-col-33 elementor-inner-column elementor-element elementor-element-3cf0fdd4\" data-id=\"3cf0fdd4\" data-element_type=\"column\">\n\t\t\t<div class=\"elementor-widget-wrap\">\n\t\t\t\t\t\t\t<\/div>\n\t\t<\/div>\n\t\t\t\t<div class=\"elementor-column elementor-col-33 elementor-inner-column elementor-element elementor-element-29079fce\" data-id=\"29079fce\" data-element_type=\"column\">\n\t\t\t<div class=\"elementor-widget-wrap elementor-element-populated\">\n\t\t\t\t\t\t<div class=\"elementor-element elementor-element-3f17e04b elementor-align-justify elementor-widget elementor-widget-button\" data-id=\"3f17e04b\" data-element_type=\"widget\" data-widget_type=\"button.default\">\n\t\t\t\t<div class=\"elementor-widget-container\">\n\t\t\t\t\t\t\t\t\t<div class=\"elementor-button-wrapper\">\n\t\t\t\t\t<a class=\"elementor-button elementor-button-link elementor-size-sm elementor-animation-shrink\" href=\"#bilder\">\n\t\t\t\t\t\t<span class=\"elementor-button-content-wrapper\">\n\t\t\t\t\t\t<span class=\"elementor-button-icon\">\n\t\t\t\t<i aria-hidden=\"true\" class=\"fas fa-video\"><\/i>\t\t\t<\/span>\n\t\t\t\t\t\t\t\t\t<span class=\"elementor-button-text\">Pictures<\/span>\n\t\t\t\t\t<\/span>\n\t\t\t\t\t<\/a>\n\t\t\t\t<\/div>\n\t\t\t\t\t\t\t\t<\/div>\n\t\t\t\t<\/div>\n\t\t\t\t\t<\/div>\n\t\t<\/div>\n\t\t\t\t\t<\/div>\n\t\t<\/section>\n\t\t\t\t\t<\/div>\n\t\t<\/div>\n\t\t\t\t\t<\/div>\n\t\t<\/section>\n\t\t\t\t<section class=\"elementor-section elementor-top-section elementor-element elementor-element-14585221 elementor-section-boxed elementor-section-height-default elementor-section-height-default\" data-id=\"14585221\" data-element_type=\"section\" id=\"bilder\" data-settings=\"{&quot;background_background&quot;:&quot;classic&quot;}\">\n\t\t\t\t\t\t<div class=\"elementor-container elementor-column-gap-default\">\n\t\t\t\t\t<div class=\"elementor-column elementor-col-33 elementor-top-column elementor-element elementor-element-55e187af\" data-id=\"55e187af\" data-element_type=\"column\">\n\t\t\t<div class=\"elementor-widget-wrap\">\n\t\t\t\t\t\t\t<\/div>\n\t\t<\/div>\n\t\t\t\t<div class=\"elementor-column elementor-col-66 elementor-top-column elementor-element elementor-element-28a87890\" data-id=\"28a87890\" data-element_type=\"column\">\n\t\t\t<div class=\"elementor-widget-wrap elementor-element-populated\">\n\t\t\t\t\t\t<div class=\"elementor-element elementor-element-266dffb8 elementor-widget elementor-widget-image\" data-id=\"266dffb8\" data-element_type=\"widget\" data-widget_type=\"image.default\">\n\t\t\t\t<div class=\"elementor-widget-container\">\n\t\t\t\t\t\t\t\t\t\t\t\t\t\t\t<img fetchpriority=\"high\" decoding=\"async\" width=\"800\" height=\"488\" src=\"https:\/\/herforth.info\/wp-content\/uploads\/2024\/10\/gallery-boheme-1-1024x625.jpg\" class=\"attachment-large size-large wp-image-3161\" alt=\"\" srcset=\"https:\/\/herforth.info\/wp-content\/uploads\/2024\/10\/gallery-boheme-1-1024x625.jpg 1024w, https:\/\/herforth.info\/wp-content\/uploads\/2024\/10\/gallery-boheme-1-300x183.jpg 300w, https:\/\/herforth.info\/wp-content\/uploads\/2024\/10\/gallery-boheme-1-768x468.jpg 768w, https:\/\/herforth.info\/wp-content\/uploads\/2024\/10\/gallery-boheme-1.jpg 1100w\" sizes=\"(max-width: 800px) 100vw, 800px\" \/>\t\t\t\t\t\t\t\t\t\t\t\t\t\t\t<\/div>\n\t\t\t\t<\/div>\n\t\t\t\t<div class=\"elementor-element elementor-element-7c811a10 elementor-widget elementor-widget-text-editor\" data-id=\"7c811a10\" data-element_type=\"widget\" data-widget_type=\"text-editor.default\">\n\t\t\t\t<div class=\"elementor-widget-container\">\n\t\t\t\t\t\t\t\t\t<p>Image 1, model, an empty factory building<\/p>\n\t\t\t\t\t\t\t\t<\/div>\n\t\t\t\t<\/div>\n\t\t\t\t<div class=\"elementor-element elementor-element-7de13ccd elementor-widget elementor-widget-image\" data-id=\"7de13ccd\" data-element_type=\"widget\" data-widget_type=\"image.default\">\n\t\t\t\t<div class=\"elementor-widget-container\">\n\t\t\t\t\t\t\t\t\t\t\t\t\t\t\t<img decoding=\"async\" width=\"800\" height=\"493\" src=\"https:\/\/herforth.info\/wp-content\/uploads\/2024\/10\/gallery-boheme-2-1024x631.jpg\" class=\"attachment-large size-large wp-image-3162\" alt=\"\" srcset=\"https:\/\/herforth.info\/wp-content\/uploads\/2024\/10\/gallery-boheme-2-1024x631.jpg 1024w, https:\/\/herforth.info\/wp-content\/uploads\/2024\/10\/gallery-boheme-2-300x185.jpg 300w, https:\/\/herforth.info\/wp-content\/uploads\/2024\/10\/gallery-boheme-2-768x473.jpg 768w, https:\/\/herforth.info\/wp-content\/uploads\/2024\/10\/gallery-boheme-2.jpg 1100w\" sizes=\"(max-width: 800px) 100vw, 800px\" \/>\t\t\t\t\t\t\t\t\t\t\t\t\t\t\t<\/div>\n\t\t\t\t<\/div>\n\t\t\t\t<div class=\"elementor-element elementor-element-ec4360 elementor-widget elementor-widget-text-editor\" data-id=\"ec4360\" data-element_type=\"widget\" data-widget_type=\"text-editor.default\">\n\t\t\t\t<div class=\"elementor-widget-container\">\n\t\t\t\t\t\t\t\t\t<p>Image 1, Stage<\/p>\n\t\t\t\t\t\t\t\t<\/div>\n\t\t\t\t<\/div>\n\t\t\t\t<div class=\"elementor-element elementor-element-cbee112 elementor-widget elementor-widget-image\" data-id=\"cbee112\" data-element_type=\"widget\" data-widget_type=\"image.default\">\n\t\t\t\t<div class=\"elementor-widget-container\">\n\t\t\t\t\t\t\t\t\t\t\t\t\t\t\t<img decoding=\"async\" width=\"800\" height=\"455\" src=\"https:\/\/herforth.info\/wp-content\/uploads\/2024\/10\/gallery-boheme-3-1024x583.jpg\" class=\"attachment-large size-large wp-image-3163\" alt=\"\" srcset=\"https:\/\/herforth.info\/wp-content\/uploads\/2024\/10\/gallery-boheme-3-1024x583.jpg 1024w, https:\/\/herforth.info\/wp-content\/uploads\/2024\/10\/gallery-boheme-3-300x171.jpg 300w, https:\/\/herforth.info\/wp-content\/uploads\/2024\/10\/gallery-boheme-3-768x437.jpg 768w, https:\/\/herforth.info\/wp-content\/uploads\/2024\/10\/gallery-boheme-3.jpg 1100w\" sizes=\"(max-width: 800px) 100vw, 800px\" \/>\t\t\t\t\t\t\t\t\t\t\t\t\t\t\t<\/div>\n\t\t\t\t<\/div>\n\t\t\t\t<div class=\"elementor-element elementor-element-3d269f9 elementor-widget elementor-widget-text-editor\" data-id=\"3d269f9\" data-element_type=\"widget\" data-widget_type=\"text-editor.default\">\n\t\t\t\t<div class=\"elementor-widget-container\">\n\t\t\t\t\t\t\t\t\t<p>Image 1 and 4, model, scheme of the fa\u00e7ade advertising<\/p>\n\t\t\t\t\t\t\t\t<\/div>\n\t\t\t\t<\/div>\n\t\t\t\t<div class=\"elementor-element elementor-element-9bc20a5 elementor-widget elementor-widget-image\" data-id=\"9bc20a5\" data-element_type=\"widget\" data-widget_type=\"image.default\">\n\t\t\t\t<div class=\"elementor-widget-container\">\n\t\t\t\t\t\t\t\t\t\t\t\t\t\t\t<img loading=\"lazy\" decoding=\"async\" width=\"800\" height=\"448\" src=\"https:\/\/herforth.info\/wp-content\/uploads\/2024\/10\/gallery-boheme-4-1024x573.jpg\" class=\"attachment-large size-large wp-image-3164\" alt=\"\" srcset=\"https:\/\/herforth.info\/wp-content\/uploads\/2024\/10\/gallery-boheme-4-1024x573.jpg 1024w, https:\/\/herforth.info\/wp-content\/uploads\/2024\/10\/gallery-boheme-4-300x168.jpg 300w, https:\/\/herforth.info\/wp-content\/uploads\/2024\/10\/gallery-boheme-4-768x430.jpg 768w, https:\/\/herforth.info\/wp-content\/uploads\/2024\/10\/gallery-boheme-4.jpg 1100w\" sizes=\"(max-width: 800px) 100vw, 800px\" \/>\t\t\t\t\t\t\t\t\t\t\t\t\t\t\t<\/div>\n\t\t\t\t<\/div>\n\t\t\t\t<div class=\"elementor-element elementor-element-c52e7c8 elementor-widget elementor-widget-text-editor\" data-id=\"c52e7c8\" data-element_type=\"widget\" data-widget_type=\"text-editor.default\">\n\t\t\t\t<div class=\"elementor-widget-container\">\n\t\t\t\t\t\t\t\t\t<p>The poster that accompanies all the pictures<\/p>\n\t\t\t\t\t\t\t\t<\/div>\n\t\t\t\t<\/div>\n\t\t\t\t<div class=\"elementor-element elementor-element-749ee33 elementor-widget elementor-widget-image\" data-id=\"749ee33\" data-element_type=\"widget\" data-widget_type=\"image.default\">\n\t\t\t\t<div class=\"elementor-widget-container\">\n\t\t\t\t\t\t\t\t\t\t\t\t\t\t\t<img loading=\"lazy\" decoding=\"async\" width=\"800\" height=\"494\" src=\"https:\/\/herforth.info\/wp-content\/uploads\/2024\/10\/gallery-boheme-5.jpg\" class=\"attachment-large size-large wp-image-3165\" alt=\"\" srcset=\"https:\/\/herforth.info\/wp-content\/uploads\/2024\/10\/gallery-boheme-5.jpg 1024w, https:\/\/herforth.info\/wp-content\/uploads\/2024\/10\/gallery-boheme-5-300x185.jpg 300w, https:\/\/herforth.info\/wp-content\/uploads\/2024\/10\/gallery-boheme-5-768x474.jpg 768w\" sizes=\"(max-width: 800px) 100vw, 800px\" \/>\t\t\t\t\t\t\t\t\t\t\t\t\t\t\t<\/div>\n\t\t\t\t<\/div>\n\t\t\t\t<div class=\"elementor-element elementor-element-7176cbb elementor-widget elementor-widget-text-editor\" data-id=\"7176cbb\" data-element_type=\"widget\" data-widget_type=\"text-editor.default\">\n\t\t\t\t<div class=\"elementor-widget-container\">\n\t\t\t\t\t\t\t\t\t<p>Image 2, Caf\u00e9 Momus model<\/p>\n\t\t\t\t\t\t\t\t<\/div>\n\t\t\t\t<\/div>\n\t\t\t\t<div class=\"elementor-element elementor-element-4391f97 elementor-widget elementor-widget-image\" data-id=\"4391f97\" data-element_type=\"widget\" data-widget_type=\"image.default\">\n\t\t\t\t<div class=\"elementor-widget-container\">\n\t\t\t\t\t\t\t\t\t\t\t\t\t\t\t<img loading=\"lazy\" decoding=\"async\" width=\"800\" height=\"510\" src=\"https:\/\/herforth.info\/wp-content\/uploads\/2024\/10\/gallery-boheme-6-1024x653.jpg\" class=\"attachment-large size-large wp-image-3166\" alt=\"\" srcset=\"https:\/\/herforth.info\/wp-content\/uploads\/2024\/10\/gallery-boheme-6-1024x653.jpg 1024w, https:\/\/herforth.info\/wp-content\/uploads\/2024\/10\/gallery-boheme-6-300x191.jpg 300w, https:\/\/herforth.info\/wp-content\/uploads\/2024\/10\/gallery-boheme-6-768x489.jpg 768w, https:\/\/herforth.info\/wp-content\/uploads\/2024\/10\/gallery-boheme-6.jpg 1100w\" sizes=\"(max-width: 800px) 100vw, 800px\" \/>\t\t\t\t\t\t\t\t\t\t\t\t\t\t\t<\/div>\n\t\t\t\t<\/div>\n\t\t\t\t<div class=\"elementor-element elementor-element-2a09181 elementor-widget elementor-widget-text-editor\" data-id=\"2a09181\" data-element_type=\"widget\" data-widget_type=\"text-editor.default\">\n\t\t\t\t<div class=\"elementor-widget-container\">\n\t\t\t\t\t\t\t\t\t<p>Image 2, Stage, Caf\u00e9 Momus<\/p>\n\t\t\t\t\t\t\t\t<\/div>\n\t\t\t\t<\/div>\n\t\t\t\t<div class=\"elementor-element elementor-element-0d791a7 elementor-widget elementor-widget-image\" data-id=\"0d791a7\" data-element_type=\"widget\" data-widget_type=\"image.default\">\n\t\t\t\t<div class=\"elementor-widget-container\">\n\t\t\t\t\t\t\t\t\t\t\t\t\t\t\t<img loading=\"lazy\" decoding=\"async\" width=\"800\" height=\"529\" src=\"https:\/\/herforth.info\/wp-content\/uploads\/2024\/10\/gallery-boheme-7.jpg\" class=\"attachment-large size-large wp-image-3167\" alt=\"\" srcset=\"https:\/\/herforth.info\/wp-content\/uploads\/2024\/10\/gallery-boheme-7.jpg 1024w, https:\/\/herforth.info\/wp-content\/uploads\/2024\/10\/gallery-boheme-7-300x198.jpg 300w, https:\/\/herforth.info\/wp-content\/uploads\/2024\/10\/gallery-boheme-7-768x508.jpg 768w\" sizes=\"(max-width: 800px) 100vw, 800px\" \/>\t\t\t\t\t\t\t\t\t\t\t\t\t\t\t<\/div>\n\t\t\t\t<\/div>\n\t\t\t\t<div class=\"elementor-element elementor-element-94bd7db elementor-widget elementor-widget-text-editor\" data-id=\"94bd7db\" data-element_type=\"widget\" data-widget_type=\"text-editor.default\">\n\t\t\t\t<div class=\"elementor-widget-container\">\n\t\t\t\t\t\t\t\t\t<p>Image 2, model, Caf\u00e9 Momus<\/p>\n\t\t\t\t\t\t\t\t<\/div>\n\t\t\t\t<\/div>\n\t\t\t\t<div class=\"elementor-element elementor-element-fbcb02c elementor-widget elementor-widget-image\" data-id=\"fbcb02c\" data-element_type=\"widget\" data-widget_type=\"image.default\">\n\t\t\t\t<div class=\"elementor-widget-container\">\n\t\t\t\t\t\t\t\t\t\t\t\t\t\t\t<img loading=\"lazy\" decoding=\"async\" width=\"800\" height=\"515\" src=\"https:\/\/herforth.info\/wp-content\/uploads\/2024\/10\/gallery-boheme-8.jpg\" class=\"attachment-large size-large wp-image-3168\" alt=\"\" srcset=\"https:\/\/herforth.info\/wp-content\/uploads\/2024\/10\/gallery-boheme-8.jpg 1024w, https:\/\/herforth.info\/wp-content\/uploads\/2024\/10\/gallery-boheme-8-300x193.jpg 300w, https:\/\/herforth.info\/wp-content\/uploads\/2024\/10\/gallery-boheme-8-768x494.jpg 768w\" sizes=\"(max-width: 800px) 100vw, 800px\" \/>\t\t\t\t\t\t\t\t\t\t\t\t\t\t\t<\/div>\n\t\t\t\t<\/div>\n\t\t\t\t<div class=\"elementor-element elementor-element-52f577e elementor-widget elementor-widget-text-editor\" data-id=\"52f577e\" data-element_type=\"widget\" data-widget_type=\"text-editor.default\">\n\t\t\t\t<div class=\"elementor-widget-container\">\n\t\t\t\t\t\t\t\t\t<p>Image 3, Model, Barri\u00e8re d&#8217;Enfer<\/p>\n\t\t\t\t\t\t\t\t<\/div>\n\t\t\t\t<\/div>\n\t\t\t\t<div class=\"elementor-element elementor-element-34cb3b1 elementor-widget elementor-widget-image\" data-id=\"34cb3b1\" data-element_type=\"widget\" data-widget_type=\"image.default\">\n\t\t\t\t<div class=\"elementor-widget-container\">\n\t\t\t\t\t\t\t\t\t\t\t\t\t\t\t<img loading=\"lazy\" decoding=\"async\" width=\"800\" height=\"535\" src=\"https:\/\/herforth.info\/wp-content\/uploads\/2024\/10\/gallery-boheme-9-1024x685.jpg\" class=\"attachment-large size-large wp-image-3169\" alt=\"\" srcset=\"https:\/\/herforth.info\/wp-content\/uploads\/2024\/10\/gallery-boheme-9-1024x685.jpg 1024w, https:\/\/herforth.info\/wp-content\/uploads\/2024\/10\/gallery-boheme-9-300x201.jpg 300w, https:\/\/herforth.info\/wp-content\/uploads\/2024\/10\/gallery-boheme-9-768x514.jpg 768w, https:\/\/herforth.info\/wp-content\/uploads\/2024\/10\/gallery-boheme-9.jpg 1100w\" sizes=\"(max-width: 800px) 100vw, 800px\" \/>\t\t\t\t\t\t\t\t\t\t\t\t\t\t\t<\/div>\n\t\t\t\t<\/div>\n\t\t\t\t<div class=\"elementor-element elementor-element-73f26ed elementor-widget elementor-widget-text-editor\" data-id=\"73f26ed\" data-element_type=\"widget\" data-widget_type=\"text-editor.default\">\n\t\t\t\t<div class=\"elementor-widget-container\">\n\t\t\t\t\t\t\t\t\t<p>Image 3, Model, Barri\u00e8re d&#8217;Enfer<\/p>\n\t\t\t\t\t\t\t\t<\/div>\n\t\t\t\t<\/div>\n\t\t\t\t<div class=\"elementor-element elementor-element-84b14dd elementor-widget elementor-widget-image\" data-id=\"84b14dd\" data-element_type=\"widget\" data-widget_type=\"image.default\">\n\t\t\t\t<div class=\"elementor-widget-container\">\n\t\t\t\t\t\t\t\t\t\t\t\t\t\t\t<img loading=\"lazy\" decoding=\"async\" width=\"800\" height=\"526\" src=\"https:\/\/herforth.info\/wp-content\/uploads\/2024\/10\/gallery-boheme-10.jpg\" class=\"attachment-large size-large wp-image-3170\" alt=\"\" srcset=\"https:\/\/herforth.info\/wp-content\/uploads\/2024\/10\/gallery-boheme-10.jpg 1024w, https:\/\/herforth.info\/wp-content\/uploads\/2024\/10\/gallery-boheme-10-300x197.jpg 300w, https:\/\/herforth.info\/wp-content\/uploads\/2024\/10\/gallery-boheme-10-768x505.jpg 768w\" sizes=\"(max-width: 800px) 100vw, 800px\" \/>\t\t\t\t\t\t\t\t\t\t\t\t\t\t\t<\/div>\n\t\t\t\t<\/div>\n\t\t\t\t<div class=\"elementor-element elementor-element-7368d58 elementor-widget elementor-widget-text-editor\" data-id=\"7368d58\" data-element_type=\"widget\" data-widget_type=\"text-editor.default\">\n\t\t\t\t<div class=\"elementor-widget-container\">\n\t\t\t\t\t\t\t\t\t<p>Image 4, model, the poster has disappeared&#8230;<\/p>\n\t\t\t\t\t\t\t\t<\/div>\n\t\t\t\t<\/div>\n\t\t\t\t<div class=\"elementor-element elementor-element-f209f50 elementor-widget elementor-widget-image\" data-id=\"f209f50\" data-element_type=\"widget\" data-widget_type=\"image.default\">\n\t\t\t\t<div class=\"elementor-widget-container\">\n\t\t\t\t\t\t\t\t\t\t\t\t\t\t\t<img loading=\"lazy\" decoding=\"async\" width=\"800\" height=\"533\" src=\"https:\/\/herforth.info\/wp-content\/uploads\/2024\/10\/gallery-boheme-11-1024x682.jpg\" class=\"attachment-large size-large wp-image-3171\" alt=\"\" srcset=\"https:\/\/herforth.info\/wp-content\/uploads\/2024\/10\/gallery-boheme-11-1024x682.jpg 1024w, https:\/\/herforth.info\/wp-content\/uploads\/2024\/10\/gallery-boheme-11-300x200.jpg 300w, https:\/\/herforth.info\/wp-content\/uploads\/2024\/10\/gallery-boheme-11-768x512.jpg 768w, https:\/\/herforth.info\/wp-content\/uploads\/2024\/10\/gallery-boheme-11.jpg 1100w\" sizes=\"(max-width: 800px) 100vw, 800px\" \/>\t\t\t\t\t\t\t\t\t\t\t\t\t\t\t<\/div>\n\t\t\t\t<\/div>\n\t\t\t\t<div class=\"elementor-element elementor-element-54c0815 elementor-widget elementor-widget-text-editor\" data-id=\"54c0815\" data-element_type=\"widget\" data-widget_type=\"text-editor.default\">\n\t\t\t\t<div class=\"elementor-widget-container\">\n\t\t\t\t\t\t\t\t\t<p>&#8230; except for Mimi&#8217;s performance door<\/p>\n\t\t\t\t\t\t\t\t<\/div>\n\t\t\t\t<\/div>\n\t\t\t\t<div class=\"elementor-element elementor-element-1825138 elementor-widget elementor-widget-image\" data-id=\"1825138\" data-element_type=\"widget\" data-widget_type=\"image.default\">\n\t\t\t\t<div class=\"elementor-widget-container\">\n\t\t\t\t\t\t\t\t\t\t\t\t\t\t\t<img loading=\"lazy\" decoding=\"async\" width=\"800\" height=\"479\" src=\"https:\/\/herforth.info\/wp-content\/uploads\/2024\/10\/gallery-boheme-12.jpg\" class=\"attachment-large size-large wp-image-3172\" alt=\"\" srcset=\"https:\/\/herforth.info\/wp-content\/uploads\/2024\/10\/gallery-boheme-12.jpg 1024w, https:\/\/herforth.info\/wp-content\/uploads\/2024\/10\/gallery-boheme-12-300x180.jpg 300w, https:\/\/herforth.info\/wp-content\/uploads\/2024\/10\/gallery-boheme-12-768x460.jpg 768w\" sizes=\"(max-width: 800px) 100vw, 800px\" \/>\t\t\t\t\t\t\t\t\t\t\t\t\t\t\t<\/div>\n\t\t\t\t<\/div>\n\t\t\t\t<div class=\"elementor-element elementor-element-75aa344 elementor-widget elementor-widget-text-editor\" data-id=\"75aa344\" data-element_type=\"widget\" data-widget_type=\"text-editor.default\">\n\t\t\t\t<div class=\"elementor-widget-container\">\n\t\t\t\t\t\t\t\t\t<p>Image 4, stage<\/p>\n\t\t\t\t\t\t\t\t<\/div>\n\t\t\t\t<\/div>\n\t\t\t\t<div class=\"elementor-element elementor-element-aa86a4f elementor-widget elementor-widget-image\" data-id=\"aa86a4f\" data-element_type=\"widget\" data-widget_type=\"image.default\">\n\t\t\t\t<div class=\"elementor-widget-container\">\n\t\t\t\t\t\t\t\t\t\t\t\t\t\t\t<img loading=\"lazy\" decoding=\"async\" width=\"800\" height=\"502\" src=\"https:\/\/herforth.info\/wp-content\/uploads\/2024\/10\/gallery-boheme-13-1024x643.jpg\" class=\"attachment-large size-large wp-image-3173\" alt=\"\" srcset=\"https:\/\/herforth.info\/wp-content\/uploads\/2024\/10\/gallery-boheme-13-1024x643.jpg 1024w, https:\/\/herforth.info\/wp-content\/uploads\/2024\/10\/gallery-boheme-13-300x188.jpg 300w, https:\/\/herforth.info\/wp-content\/uploads\/2024\/10\/gallery-boheme-13-768x482.jpg 768w, https:\/\/herforth.info\/wp-content\/uploads\/2024\/10\/gallery-boheme-13.jpg 1100w\" sizes=\"(max-width: 800px) 100vw, 800px\" \/>\t\t\t\t\t\t\t\t\t\t\t\t\t\t\t<\/div>\n\t\t\t\t<\/div>\n\t\t\t\t<div class=\"elementor-element elementor-element-409e8af elementor-widget elementor-widget-text-editor\" data-id=\"409e8af\" data-element_type=\"widget\" data-widget_type=\"text-editor.default\">\n\t\t\t\t<div class=\"elementor-widget-container\">\n\t\t\t\t\t\t\t\t\t<p>Image 4, stage<\/p>\n\t\t\t\t\t\t\t\t<\/div>\n\t\t\t\t<\/div>\n\t\t\t\t\t<\/div>\n\t\t<\/div>\n\t\t\t\t\t<\/div>\n\t\t<\/section>\n\t\t\t\t<section class=\"elementor-section elementor-top-section elementor-element elementor-element-50c5421 elementor-section-boxed elementor-section-height-default elementor-section-height-default\" data-id=\"50c5421\" data-element_type=\"section\">\n\t\t\t\t\t\t<div class=\"elementor-container elementor-column-gap-default\">\n\t\t\t\t\t<div class=\"elementor-column elementor-col-100 elementor-top-column elementor-element elementor-element-5eb9eac8\" data-id=\"5eb9eac8\" data-element_type=\"column\">\n\t\t\t<div class=\"elementor-widget-wrap elementor-element-populated\">\n\t\t\t\t\t\t<div class=\"elementor-element elementor-element-3b65b3a9 elementor-widget elementor-widget-text-editor\" data-id=\"3b65b3a9\" data-element_type=\"widget\" id=\"tabelle\" data-widget_type=\"text-editor.default\">\n\t\t\t\t<div class=\"elementor-widget-container\">\n\t\t\t\t\t\t\t\t\t<table>\n<tbody>\n<tr>\n<th>Crew<\/th>\n<th> <\/th>\n<\/tr>\n<tr>\n<td>Director<\/td>\n<td>Hellmuth Matiasek<\/td>\n<\/tr>\n<tr>\n<td>Conductor<\/td>\n<td>Reinhard Schwarz<\/td>\n<\/tr>\n<tr>\n<td>Stage design<\/td>\n<td>Benedikt Herforth<\/td>\n<\/tr>\n<tr>\n<td>Costume design<\/td>\n<td>Gabriele Jaenecke<\/td>\n<\/tr>\n<tr>\n<td>Light<\/td>\n<td>Georg Boeshenz<\/td>\n<\/tr>\n<tr>\n<td>Orchestra<\/td>\n<td>Orchester des Staatstheaters am G\u00e4rtnerplatz<\/td>\n<\/tr>\n<\/tbody>\n<\/table>\n\t\t\t\t\t\t\t\t<\/div>\n\t\t\t\t<\/div>\n\t\t\t\t\t<\/div>\n\t\t<\/div>\n\t\t\t\t\t<\/div>\n\t\t<\/section>\n\t\t\t\t<\/div>\n\t\t","protected":false},"excerpt":{"rendered":"<p>La Boh\u00e8me Giacomo PucciniDirector: Hellmuth MatiasekMunich State Theater at G\u00e4rtnerplatz, 2000 Pictures Image 1, model, an empty factory building Image 1, Stage Image 1 and 4, model, scheme of the fa\u00e7ade advertising The poster that accompanies all the pictures Image 2, Caf\u00e9 Momus model Image 2, Stage, Caf\u00e9 Momus Image 2, model, Caf\u00e9 Momus Image [&hellip;]<\/p>\n","protected":false},"author":1,"featured_media":3164,"parent":0,"menu_order":0,"comment_status":"closed","ping_status":"closed","template":"","meta":{"footnotes":""},"class_list":["post-3448","page","type-page","status-publish","has-post-thumbnail","hentry"],"_links":{"self":[{"href":"https:\/\/herforth.info\/en\/wp-json\/wp\/v2\/pages\/3448","targetHints":{"allow":["GET"]}}],"collection":[{"href":"https:\/\/herforth.info\/en\/wp-json\/wp\/v2\/pages"}],"about":[{"href":"https:\/\/herforth.info\/en\/wp-json\/wp\/v2\/types\/page"}],"author":[{"embeddable":true,"href":"https:\/\/herforth.info\/en\/wp-json\/wp\/v2\/users\/1"}],"replies":[{"embeddable":true,"href":"https:\/\/herforth.info\/en\/wp-json\/wp\/v2\/comments?post=3448"}],"version-history":[{"count":1,"href":"https:\/\/herforth.info\/en\/wp-json\/wp\/v2\/pages\/3448\/revisions"}],"predecessor-version":[{"id":3449,"href":"https:\/\/herforth.info\/en\/wp-json\/wp\/v2\/pages\/3448\/revisions\/3449"}],"wp:featuredmedia":[{"embeddable":true,"href":"https:\/\/herforth.info\/en\/wp-json\/wp\/v2\/media\/3164"}],"wp:attachment":[{"href":"https:\/\/herforth.info\/en\/wp-json\/wp\/v2\/media?parent=3448"}],"curies":[{"name":"wp","href":"https:\/\/api.w.org\/{rel}","templated":true}]}}